{"id":801,"date":"2025-04-30T14:07:44","date_gmt":"2025-04-30T14:07:44","guid":{"rendered":"https:\/\/surfexplorer.fr\/?page_id=801"},"modified":"2025-06-08T16:59:04","modified_gmt":"2025-06-08T16:59:04","slug":"la-guest-house-surfcamp-contis","status":"publish","type":"page","link":"https:\/\/surfexplorer.fr\/en\/surfcamps\/surfcamp-france\/la-guest-house-surfcamp-contis\/","title":{"rendered":"La Guest House &#8211; Surfcamp Contis"},"content":{"rendered":"\t\t<div data-elementor-type=\"wp-page\" data-elementor-id=\"801\" class=\"elementor elementor-801\" data-elementor-post-type=\"page\">\n\t\t\t\t<div class=\"elementor-element elementor-element-b095df5 e-flex e-con-boxed e-con e-parent\" data-id=\"b095df5\" data-element_type=\"container\" data-e-type=\"container\" data-settings=\"{&quot;background_background&quot;:&quot;classic&quot;}\">\n\t\t\t\t\t<div class=\"e-con-inner\">\n\t\t\t\t<div class=\"elementor-element elementor-element-5afb8bb elementor-widget elementor-widget-heading\" data-id=\"5afb8bb\" data-element_type=\"widget\" data-e-type=\"widget\" data-widget_type=\"heading.default\">\n\t\t\t\t\t<h1 class=\"elementor-heading-title elementor-size-default\">La Guest House \u00e0 Contis dans les Landes<\/h1>\t\t\t\t<\/div>\n\t\t\t\t<div class=\"elementor-element elementor-element-011e0e7 elementor-hidden-mobile elementor-widget elementor-widget-heading\" data-id=\"011e0e7\" data-element_type=\"widget\" data-e-type=\"widget\" data-widget_type=\"heading.default\">\n\t\t\t\t\t<h2 class=\"elementor-heading-title elementor-size-default\">Nich\u00e9 au c\u0153ur d\u2019une nature pr\u00e9serv\u00e9e, La Maison des Pins est une invitation au l\u00e2cher-prise. Ici, entre for\u00eat et oc\u00e9an, le temps semble suspendu. <\/h2>\t\t\t\t<\/div>\n\t\t\t\t\t<\/div>\n\t\t\t\t<\/div>\n\t\t<div class=\"elementor-element elementor-element-7381a45 e-flex e-con-boxed e-con e-parent\" data-id=\"7381a45\" data-element_type=\"container\" data-e-type=\"container\" data-settings=\"{&quot;background_background&quot;:&quot;classic&quot;}\">\n\t\t\t\t\t<div class=\"e-con-inner\">\n\t\t<div class=\"elementor-element elementor-element-c83d891 e-con-full e-flex e-con e-child\" data-id=\"c83d891\" data-element_type=\"container\" data-e-type=\"container\" data-settings=\"{&quot;background_background&quot;:&quot;slideshow&quot;,&quot;background_slideshow_gallery&quot;:[{&quot;id&quot;:716,&quot;url&quot;:&quot;https:\\\/\\\/surfexplorer.fr\\\/wp-content\\\/uploads\\\/2025\\\/04\\\/La_maison_des_pins-_NZ64399-YOHAN_ESPIAUBE.jpg&quot;},{&quot;id&quot;:717,&quot;url&quot;:&quot;https:\\\/\\\/surfexplorer.fr\\\/wp-content\\\/uploads\\\/2025\\\/04\\\/La_maison_des_pins-DJI_0343-Copie.jpg&quot;},{&quot;id&quot;:696,&quot;url&quot;:&quot;https:\\\/\\\/surfexplorer.fr\\\/wp-content\\\/uploads\\\/2025\\\/04\\\/La_maison_des_pins-_NZ64191-YOHAN_ESPIAUBE.jpg&quot;},{&quot;id&quot;:701,&quot;url&quot;:&quot;https:\\\/\\\/surfexplorer.fr\\\/wp-content\\\/uploads\\\/2025\\\/04\\\/La_maison_des_pins-_NZ64246-YOHAN_ESPIAUBE-2.jpg&quot;}],&quot;background_slideshow_ken_burns&quot;:&quot;yes&quot;,&quot;background_slideshow_loop&quot;:&quot;yes&quot;,&quot;background_slideshow_slide_duration&quot;:5000,&quot;background_slideshow_slide_transition&quot;:&quot;fade&quot;,&quot;background_slideshow_transition_duration&quot;:500,&quot;background_slideshow_ken_burns_zoom_direction&quot;:&quot;in&quot;}\">\n\t\t\t\t<div class=\"elementor-element elementor-element-0a03fd6 elementor-widget elementor-widget-spacer\" data-id=\"0a03fd6\" data-element_type=\"widget\" data-e-type=\"widget\" data-widget_type=\"spacer.default\">\n\t\t\t\t\t\t\t<div class=\"elementor-spacer\">\n\t\t\t<div class=\"elementor-spacer-inner\"><\/div>\n\t\t<\/div>\n\t\t\t\t\t\t<\/div>\n\t\t\t\t<\/div>\n\t\t<div class=\"elementor-element elementor-element-cd32181 e-con-full e-flex e-con e-child\" data-id=\"cd32181\" data-element_type=\"container\" data-e-type=\"container\">\n\t\t\t\t<div class=\"elementor-element elementor-element-4712ac6 elementor-widget elementor-widget-heading\" data-id=\"4712ac6\" data-element_type=\"widget\" data-e-type=\"widget\" data-widget_type=\"heading.default\">\n\t\t\t\t\t<h2 class=\"elementor-heading-title elementor-size-default\">Ecoutez... Ressentez...<\/h2>\t\t\t\t<\/div>\n\t\t\t\t<div class=\"elementor-element elementor-element-61bf933 elementor-widget elementor-widget-text-editor\" data-id=\"61bf933\" data-element_type=\"widget\" data-e-type=\"widget\" data-widget_type=\"text-editor.default\">\n\t\t\t\t\t\t\t\t\t<p>Ce grand chalet en bois, \u00e0 l\u2019architecture \u00e9l\u00e9gante et \u00e9pur\u00e9e, s\u2019int\u00e8gre parfaitement dans son environnement. Parfait pour votre surfcamp Landes. \u00c0 l\u2019ombre des pins, sa terrasse ombrag\u00e9e et son terrain de p\u00e9tanque promettent des moments conviviaux apr\u00e8s une journ\u00e9e au grand air.<\/p><p>\u00c0 seulement quelques minutes, Contis d\u00e9voile ses charmes : une plage infinie bord\u00e9e de dunes sauvages, des vagues parfaites pour les amoureux du surf et un phare mythique offrant une vue imprenable sur la c\u00f4te landaise. Loin de l\u2019agitation, ce petit coin de paradis respire l\u2019authenticit\u00e9 et l\u2019art de vivre.<\/p>\t\t\t\t\t\t\t\t<\/div>\n\t\t\t\t<\/div>\n\t\t\t\t\t<\/div>\n\t\t\t\t<\/div>\n\t\t<div class=\"elementor-element elementor-element-e16a3e9 e-flex e-con-boxed e-con e-parent\" data-id=\"e16a3e9\" data-element_type=\"container\" data-e-type=\"container\" data-settings=\"{&quot;background_background&quot;:&quot;classic&quot;}\">\n\t\t\t\t\t<div class=\"e-con-inner\">\n\t\t<div class=\"elementor-element elementor-element-dc08085 e-con-full e-flex e-con e-child\" data-id=\"dc08085\" data-element_type=\"container\" data-e-type=\"container\" data-settings=\"{&quot;background_background&quot;:&quot;classic&quot;}\">\n\t\t\t\t<div class=\"elementor-element elementor-element-1272a3b elementor-widget elementor-widget-heading\" data-id=\"1272a3b\" data-element_type=\"widget\" data-e-type=\"widget\" data-widget_type=\"heading.default\">\n\t\t\t\t\t<h2 class=\"elementor-heading-title elementor-size-default\">Les chambres simple ou double<\/h2>\t\t\t\t<\/div>\n\t\t\t\t<div class=\"elementor-element elementor-element-4541d43 elementor-widget elementor-widget-heading\" data-id=\"4541d43\" data-element_type=\"widget\" data-e-type=\"widget\" data-widget_type=\"heading.default\">\n\t\t\t\t\t<h3 class=\"elementor-heading-title elementor-size-default\">A partir de 550\u20ac TTC<\/h3>\t\t\t\t<\/div>\n\t\t\t\t<div class=\"elementor-element elementor-element-ebaed62 elementor-widget elementor-widget-text-editor\" data-id=\"ebaed62\" data-element_type=\"widget\" data-e-type=\"widget\" data-widget_type=\"text-editor.default\">\n\t\t\t\t\t\t\t\t\t<p>chaque chambre a \u00e9t\u00e9 con\u00e7ue pour offrir confort et intimit\u00e9. Que vous voyagiez seul, en couple ou entre amis, vous trouverez un espace accueillant, o\u00f9 l\u2019on se sent imm\u00e9diatement bien.<\/p><p>Toutes nos chambres disposent de leur propre salle de bain privative, garantissant tranquillit\u00e9 et ind\u00e9pendance. Le linge de lit et de toilette est fourni, pour un s\u00e9jour en toute s\u00e9r\u00e9nit\u00e9. Et pour rester connect\u00e9 ou simplement partager vos souvenirs de voyage, le WiFi haut d\u00e9bit est disponible dans toute la maison.<\/p>\t\t\t\t\t\t\t\t<\/div>\n\t\t\t\t<div class=\"elementor-element elementor-element-fdf6055 elementor-align-left elementor-mobile-align-center elementor-widget elementor-widget-button\" data-id=\"fdf6055\" data-element_type=\"widget\" data-e-type=\"widget\" data-widget_type=\"button.default\">\n\t\t\t\t\t\t\t\t\t\t<a class=\"elementor-button elementor-button-link elementor-size-sm\" href=\"https:\/\/surfexplorer.fr\/surfcamps\/france\/\">\n\t\t\t\t\t\t<span class=\"elementor-button-content-wrapper\">\n\t\t\t\t\t\t\t\t\t<span class=\"elementor-button-text\">D\u00e9couvrir le Surfcamp<\/span>\n\t\t\t\t\t<\/span>\n\t\t\t\t\t<\/a>\n\t\t\t\t\t\t\t\t<\/div>\n\t\t\t\t<\/div>\n\t\t<div class=\"elementor-element elementor-element-93387e0 e-con-full e-flex e-con e-child\" data-id=\"93387e0\" data-element_type=\"container\" data-e-type=\"container\">\n\t\t<div class=\"elementor-element elementor-element-6ce72fd e-con-full e-flex e-con e-child\" data-id=\"6ce72fd\" data-element_type=\"container\" data-e-type=\"container\">\n\t\t\t\t<div class=\"elementor-element elementor-element-b03aa5b elementor-widget elementor-widget-image\" data-id=\"b03aa5b\" data-element_type=\"widget\" data-e-type=\"widget\" data-widget_type=\"image.default\">\n\t\t\t\t\t\t\t\t\t\t\t\t\t\t\t<img fetchpriority=\"high\" decoding=\"async\" width=\"600\" height=\"768\" src=\"https:\/\/surfexplorer.fr\/wp-content\/uploads\/2025\/05\/Ontwerp-zonder-titel-4-e1746090445495.png\" class=\"attachment-large size-large wp-image-852\" alt=\"\" srcset=\"https:\/\/surfexplorer.fr\/wp-content\/uploads\/2025\/05\/Ontwerp-zonder-titel-4-e1746090445495.png 600w, https:\/\/surfexplorer.fr\/wp-content\/uploads\/2025\/05\/Ontwerp-zonder-titel-4-e1746090445495-234x300.png 234w\" sizes=\"(max-width: 600px) 100vw, 600px\" \/>\t\t\t\t\t\t\t\t\t\t\t\t\t\t\t<\/div>\n\t\t\t\t<div class=\"elementor-element elementor-element-4eb3842 elementor-widget elementor-widget-heading\" data-id=\"4eb3842\" data-element_type=\"widget\" data-e-type=\"widget\" data-widget_type=\"heading.default\">\n\t\t\t\t\t<h2 class=\"elementor-heading-title elementor-size-default\">Chambre simple<\/h2>\t\t\t\t<\/div>\n\t\t\t\t<\/div>\n\t\t<div class=\"elementor-element elementor-element-f9940b4 e-con-full e-flex e-con e-child\" data-id=\"f9940b4\" data-element_type=\"container\" data-e-type=\"container\">\n\t\t\t\t<div class=\"elementor-element elementor-element-40e9c32 elementor-widget elementor-widget-heading\" data-id=\"40e9c32\" data-element_type=\"widget\" data-e-type=\"widget\" data-widget_type=\"heading.default\">\n\t\t\t\t\t<h2 class=\"elementor-heading-title elementor-size-default\">Chambre double<\/h2>\t\t\t\t<\/div>\n\t\t\t\t<div class=\"elementor-element elementor-element-79f9309 elementor-widget elementor-widget-image\" data-id=\"79f9309\" data-element_type=\"widget\" data-e-type=\"widget\" data-widget_type=\"image.default\">\n\t\t\t\t\t\t\t\t\t\t\t\t\t\t\t<img decoding=\"async\" width=\"600\" height=\"765\" src=\"https:\/\/surfexplorer.fr\/wp-content\/uploads\/2025\/05\/Ontwerp-zonder-titel-5-e1746090565586.png\" class=\"attachment-large size-large wp-image-853\" alt=\"\" srcset=\"https:\/\/surfexplorer.fr\/wp-content\/uploads\/2025\/05\/Ontwerp-zonder-titel-5-e1746090565586.png 600w, https:\/\/surfexplorer.fr\/wp-content\/uploads\/2025\/05\/Ontwerp-zonder-titel-5-e1746090565586-235x300.png 235w\" sizes=\"(max-width: 600px) 100vw, 600px\" \/>\t\t\t\t\t\t\t\t\t\t\t\t\t\t\t<\/div>\n\t\t\t\t<\/div>\n\t\t\t\t<\/div>\n\t\t\t\t\t<\/div>\n\t\t\t\t<\/div>\n\t\t<div class=\"elementor-element elementor-element-ac3c2a7 e-flex e-con-boxed e-con e-parent\" data-id=\"ac3c2a7\" data-element_type=\"container\" data-e-type=\"container\" data-settings=\"{&quot;background_background&quot;:&quot;classic&quot;}\">\n\t\t\t\t\t<div class=\"e-con-inner\">\n\t\t<div class=\"elementor-element elementor-element-320033c e-con-full e-flex e-con e-child\" data-id=\"320033c\" data-element_type=\"container\" data-e-type=\"container\" data-settings=\"{&quot;background_background&quot;:&quot;classic&quot;}\">\n\t\t\t\t<div class=\"elementor-element elementor-element-81c4c83 elementor-widget elementor-widget-spacer\" data-id=\"81c4c83\" data-element_type=\"widget\" data-e-type=\"widget\" data-widget_type=\"spacer.default\">\n\t\t\t\t\t\t\t<div class=\"elementor-spacer\">\n\t\t\t<div class=\"elementor-spacer-inner\"><\/div>\n\t\t<\/div>\n\t\t\t\t\t\t<\/div>\n\t\t\t\t<\/div>\n\t\t<div class=\"elementor-element elementor-element-9601964 e-con-full e-flex e-con e-child\" data-id=\"9601964\" data-element_type=\"container\" data-e-type=\"container\">\n\t\t<div class=\"elementor-element elementor-element-b760a14 e-con-full e-flex e-con e-child\" data-id=\"b760a14\" data-element_type=\"container\" data-e-type=\"container\">\n\t\t<div class=\"elementor-element elementor-element-4be296d e-con-full e-flex e-con e-child\" data-id=\"4be296d\" data-element_type=\"container\" data-e-type=\"container\" data-settings=\"{&quot;background_background&quot;:&quot;classic&quot;}\">\n\t\t\t\t<div class=\"elementor-element elementor-element-58486f4 elementor-widget elementor-widget-spacer\" data-id=\"58486f4\" data-element_type=\"widget\" data-e-type=\"widget\" data-widget_type=\"spacer.default\">\n\t\t\t\t\t\t\t<div class=\"elementor-spacer\">\n\t\t\t<div class=\"elementor-spacer-inner\"><\/div>\n\t\t<\/div>\n\t\t\t\t\t\t<\/div>\n\t\t\t\t<\/div>\n\t\t<div class=\"elementor-element elementor-element-d1a8bd8 e-con-full e-flex e-con e-child\" data-id=\"d1a8bd8\" data-element_type=\"container\" data-e-type=\"container\" data-settings=\"{&quot;background_background&quot;:&quot;classic&quot;}\">\n\t\t\t\t<div class=\"elementor-element elementor-element-c9bb288 elementor-widget elementor-widget-spacer\" data-id=\"c9bb288\" data-element_type=\"widget\" data-e-type=\"widget\" data-widget_type=\"spacer.default\">\n\t\t\t\t\t\t\t<div class=\"elementor-spacer\">\n\t\t\t<div class=\"elementor-spacer-inner\"><\/div>\n\t\t<\/div>\n\t\t\t\t\t\t<\/div>\n\t\t\t\t<\/div>\n\t\t\t\t<\/div>\n\t\t<div class=\"elementor-element elementor-element-44dbc0b e-con-full e-flex e-con e-child\" data-id=\"44dbc0b\" data-element_type=\"container\" data-e-type=\"container\">\n\t\t<div class=\"elementor-element elementor-element-45d7179 e-con-full e-flex e-con e-child\" data-id=\"45d7179\" data-element_type=\"container\" data-e-type=\"container\" data-settings=\"{&quot;background_background&quot;:&quot;classic&quot;}\">\n\t\t\t\t<div class=\"elementor-element elementor-element-1c05ba3 elementor-widget elementor-widget-spacer\" data-id=\"1c05ba3\" data-element_type=\"widget\" data-e-type=\"widget\" data-widget_type=\"spacer.default\">\n\t\t\t\t\t\t\t<div class=\"elementor-spacer\">\n\t\t\t<div class=\"elementor-spacer-inner\"><\/div>\n\t\t<\/div>\n\t\t\t\t\t\t<\/div>\n\t\t\t\t<\/div>\n\t\t<div class=\"elementor-element elementor-element-b90c33c e-con-full e-flex e-con e-child\" data-id=\"b90c33c\" data-element_type=\"container\" data-e-type=\"container\" data-settings=\"{&quot;background_background&quot;:&quot;classic&quot;}\">\n\t\t\t\t<div class=\"elementor-element elementor-element-9108d66 elementor-widget elementor-widget-spacer\" data-id=\"9108d66\" data-element_type=\"widget\" data-e-type=\"widget\" data-widget_type=\"spacer.default\">\n\t\t\t\t\t\t\t<div class=\"elementor-spacer\">\n\t\t\t<div class=\"elementor-spacer-inner\"><\/div>\n\t\t<\/div>\n\t\t\t\t\t\t<\/div>\n\t\t\t\t<\/div>\n\t\t\t\t<\/div>\n\t\t\t\t<\/div>\n\t\t\t\t\t<\/div>\n\t\t\t\t<\/div>\n\t\t\t\t<\/div>\n\t\t","protected":false},"excerpt":{"rendered":"<p>La Guest House \u00e0 Contis dans les Landes Nich\u00e9 au c\u0153ur d\u2019une nature pr\u00e9serv\u00e9e, La Maison des Pins est une invitation au l\u00e2cher-prise. Ici, entre for\u00eat et oc\u00e9an, le temps semble suspendu. Ecoutez&#8230; Ressentez&#8230; Ce grand chalet en bois, \u00e0 l\u2019architecture \u00e9l\u00e9gante et \u00e9pur\u00e9e, s\u2019int\u00e8gre parfaitement dans son environnement. Parfait pour votre surfcamp Landes. \u00c0 [&hellip;]<\/p>\n","protected":false},"author":1,"featured_media":0,"parent":22,"menu_order":0,"comment_status":"closed","ping_status":"closed","template":"","meta":{"footnotes":""},"class_list":["post-801","page","type-page","status-publish","hentry"],"_links":{"self":[{"href":"https:\/\/surfexplorer.fr\/en\/wp-json\/wp\/v2\/pages\/801","targetHints":{"allow":["GET"]}}],"collection":[{"href":"https:\/\/surfexplorer.fr\/en\/wp-json\/wp\/v2\/pages"}],"about":[{"href":"https:\/\/surfexplorer.fr\/en\/wp-json\/wp\/v2\/types\/page"}],"author":[{"embeddable":true,"href":"https:\/\/surfexplorer.fr\/en\/wp-json\/wp\/v2\/users\/1"}],"replies":[{"embeddable":true,"href":"https:\/\/surfexplorer.fr\/en\/wp-json\/wp\/v2\/comments?post=801"}],"version-history":[{"count":35,"href":"https:\/\/surfexplorer.fr\/en\/wp-json\/wp\/v2\/pages\/801\/revisions"}],"predecessor-version":[{"id":2450,"href":"https:\/\/surfexplorer.fr\/en\/wp-json\/wp\/v2\/pages\/801\/revisions\/2450"}],"up":[{"embeddable":true,"href":"https:\/\/surfexplorer.fr\/en\/wp-json\/wp\/v2\/pages\/22"}],"wp:attachment":[{"href":"https:\/\/surfexplorer.fr\/en\/wp-json\/wp\/v2\/media?parent=801"}],"curies":[{"name":"wp","href":"https:\/\/api.w.org\/{rel}","templated":true}]}}